{"id":89,"date":"2020-12-29T15:26:11","date_gmt":"2020-12-29T14:26:11","guid":{"rendered":"http:\/\/localhost:8888\/ctmd\/?page_id=89"},"modified":"2023-10-10T09:42:11","modified_gmt":"2023-10-10T07:42:11","slug":"centre-heusy","status":"publish","type":"page","link":"https:\/\/thiermeredieu.be\/fr\/centre-heusy\/","title":{"rendered":"Centre m\u00e9dical \u00e0 Heusy"},"content":{"rendered":"","protected":false},"excerpt":{"rendered":"","protected":false},"author":1,"featured_media":0,"parent":0,"menu_order":0,"comment_status":"closed","ping_status":"closed","template":"centre-heusy.php","meta":{"footnotes":""},"yoast_head":"<!-- This site is optimized with the Yoast SEO plugin v21.3 - https:\/\/yoast.com\/wordpress\/plugins\/seo\/ -->\n<title>Centre m\u00e9dical \u00e0 Heusy - CTMD<\/title>\n<meta name=\"description\" content=\"Le Centre m\u00e9dical de Heusy, fond\u00e9 en 2015 avec le Dr Rousseau Jean-Yves, vous propose une offre de soins d\u00e9di\u00e9e \u00e0 la localit\u00e9.\" \/>\n<meta name=\"robots\" content=\"index, follow, max-snippet:-1, max-image-preview:large, max-video-preview:-1\" \/>\n<link rel=\"canonical\" href=\"https:\/\/thiermeredieu.be\/fr\/centre-heusy\/\" \/>\n<meta property=\"og:locale\" content=\"fr_FR\" \/>\n<meta property=\"og:type\" content=\"article\" \/>\n<meta property=\"og:title\" content=\"Centre m\u00e9dical \u00e0 Heusy - CTMD\" \/>\n<meta property=\"og:description\" content=\"Le Centre m\u00e9dical de Heusy, fond\u00e9 en 2015 avec le Dr Rousseau Jean-Yves, vous propose une offre de soins d\u00e9di\u00e9e \u00e0 la localit\u00e9.\" \/>\n<meta property=\"og:url\" content=\"https:\/\/thiermeredieu.be\/fr\/centre-heusy\/\" \/>\n<meta property=\"og:site_name\" content=\"CTMD\" \/>\n<meta property=\"article:modified_time\" content=\"2023-10-10T07:42:11+00:00\" \/>\n<meta name=\"twitter:card\" content=\"summary_large_image\" \/>\n<script type=\"application\/ld+json\" class=\"yoast-schema-graph\">{\"@context\":\"https:\/\/schema.org\",\"@graph\":[{\"@type\":\"WebPage\",\"@id\":\"https:\/\/thiermeredieu.be\/fr\/centre-heusy\/\",\"url\":\"https:\/\/thiermeredieu.be\/fr\/centre-heusy\/\",\"name\":\"Centre m\u00e9dical \u00e0 Heusy - CTMD\",\"isPartOf\":{\"@id\":\"https:\/\/thiermeredieu.be\/fr\/#website\"},\"datePublished\":\"2020-12-29T14:26:11+00:00\",\"dateModified\":\"2023-10-10T07:42:11+00:00\",\"description\":\"Le Centre m\u00e9dical de Heusy, fond\u00e9 en 2015 avec le Dr Rousseau Jean-Yves, vous propose une offre de soins d\u00e9di\u00e9e \u00e0 la localit\u00e9.\",\"breadcrumb\":{\"@id\":\"https:\/\/thiermeredieu.be\/fr\/centre-heusy\/#breadcrumb\"},\"inLanguage\":\"fr-BE\",\"potentialAction\":[{\"@type\":\"ReadAction\",\"target\":[\"https:\/\/thiermeredieu.be\/fr\/centre-heusy\/\"]}]},{\"@type\":\"BreadcrumbList\",\"@id\":\"https:\/\/thiermeredieu.be\/fr\/centre-heusy\/#breadcrumb\",\"itemListElement\":[{\"@type\":\"ListItem\",\"position\":1,\"name\":\"Accueil\",\"item\":\"https:\/\/thiermeredieu.be\/\"},{\"@type\":\"ListItem\",\"position\":2,\"name\":\"Centre m\u00e9dical \u00e0 Heusy\"}]},{\"@type\":\"WebSite\",\"@id\":\"https:\/\/thiermeredieu.be\/fr\/#website\",\"url\":\"https:\/\/thiermeredieu.be\/fr\/\",\"name\":\"www.thiermeredieu.be\",\"description\":\"Un site utilisant WordPress\",\"publisher\":{\"@id\":\"https:\/\/thiermeredieu.be\/fr\/#organization\"},\"potentialAction\":[{\"@type\":\"SearchAction\",\"target\":{\"@type\":\"EntryPoint\",\"urlTemplate\":\"https:\/\/thiermeredieu.be\/fr\/?s={search_term_string}\"},\"query-input\":\"required name=search_term_string\"}],\"inLanguage\":\"fr-BE\"},{\"@type\":\"Organization\",\"@id\":\"https:\/\/thiermeredieu.be\/fr\/#organization\",\"name\":\"Centre M\u00e9dical Thier M\u00e8re Dieu Verviers\",\"url\":\"https:\/\/thiermeredieu.be\/fr\/\",\"logo\":{\"@type\":\"ImageObject\",\"inLanguage\":\"fr-BE\",\"@id\":\"https:\/\/thiermeredieu.be\/fr\/#\/schema\/logo\/image\/\",\"url\":\"https:\/\/v2.thiermeredieu.be\/wp-content\/uploads\/2023\/05\/logo-slogan2023-1.png\",\"contentUrl\":\"https:\/\/v2.thiermeredieu.be\/wp-content\/uploads\/2023\/05\/logo-slogan2023-1.png\",\"width\":217,\"height\":84,\"caption\":\"Centre M\u00e9dical Thier M\u00e8re Dieu Verviers\"},\"image\":{\"@id\":\"https:\/\/thiermeredieu.be\/fr\/#\/schema\/logo\/image\/\"}}]}<\/script>\n<!-- \/ Yoast SEO plugin. -->","yoast_head_json":{"title":"Centre m\u00e9dical \u00e0 Heusy - CTMD","description":"Le Centre m\u00e9dical de Heusy, fond\u00e9 en 2015 avec le Dr Rousseau Jean-Yves, vous propose une offre de soins d\u00e9di\u00e9e \u00e0 la localit\u00e9.","robots":{"index":"index","follow":"follow","max-snippet":"max-snippet:-1","max-image-preview":"max-image-preview:large","max-video-preview":"max-video-preview:-1"},"canonical":"https:\/\/thiermeredieu.be\/fr\/centre-heusy\/","og_locale":"fr_FR","og_type":"article","og_title":"Centre m\u00e9dical \u00e0 Heusy - CTMD","og_description":"Le Centre m\u00e9dical de Heusy, fond\u00e9 en 2015 avec le Dr Rousseau Jean-Yves, vous propose une offre de soins d\u00e9di\u00e9e \u00e0 la localit\u00e9.","og_url":"https:\/\/thiermeredieu.be\/fr\/centre-heusy\/","og_site_name":"CTMD","article_modified_time":"2023-10-10T07:42:11+00:00","twitter_card":"summary_large_image","schema":{"@context":"https:\/\/schema.org","@graph":[{"@type":"WebPage","@id":"https:\/\/thiermeredieu.be\/fr\/centre-heusy\/","url":"https:\/\/thiermeredieu.be\/fr\/centre-heusy\/","name":"Centre m\u00e9dical \u00e0 Heusy - CTMD","isPartOf":{"@id":"https:\/\/thiermeredieu.be\/fr\/#website"},"datePublished":"2020-12-29T14:26:11+00:00","dateModified":"2023-10-10T07:42:11+00:00","description":"Le Centre m\u00e9dical de Heusy, fond\u00e9 en 2015 avec le Dr Rousseau Jean-Yves, vous propose une offre de soins d\u00e9di\u00e9e \u00e0 la localit\u00e9.","breadcrumb":{"@id":"https:\/\/thiermeredieu.be\/fr\/centre-heusy\/#breadcrumb"},"inLanguage":"fr-BE","potentialAction":[{"@type":"ReadAction","target":["https:\/\/thiermeredieu.be\/fr\/centre-heusy\/"]}]},{"@type":"BreadcrumbList","@id":"https:\/\/thiermeredieu.be\/fr\/centre-heusy\/#breadcrumb","itemListElement":[{"@type":"ListItem","position":1,"name":"Accueil","item":"https:\/\/thiermeredieu.be\/"},{"@type":"ListItem","position":2,"name":"Centre m\u00e9dical \u00e0 Heusy"}]},{"@type":"WebSite","@id":"https:\/\/thiermeredieu.be\/fr\/#website","url":"https:\/\/thiermeredieu.be\/fr\/","name":"www.thiermeredieu.be","description":"Un site utilisant WordPress","publisher":{"@id":"https:\/\/thiermeredieu.be\/fr\/#organization"},"potentialAction":[{"@type":"SearchAction","target":{"@type":"EntryPoint","urlTemplate":"https:\/\/thiermeredieu.be\/fr\/?s={search_term_string}"},"query-input":"required name=search_term_string"}],"inLanguage":"fr-BE"},{"@type":"Organization","@id":"https:\/\/thiermeredieu.be\/fr\/#organization","name":"Centre M\u00e9dical Thier M\u00e8re Dieu Verviers","url":"https:\/\/thiermeredieu.be\/fr\/","logo":{"@type":"ImageObject","inLanguage":"fr-BE","@id":"https:\/\/thiermeredieu.be\/fr\/#\/schema\/logo\/image\/","url":"https:\/\/v2.thiermeredieu.be\/wp-content\/uploads\/2023\/05\/logo-slogan2023-1.png","contentUrl":"https:\/\/v2.thiermeredieu.be\/wp-content\/uploads\/2023\/05\/logo-slogan2023-1.png","width":217,"height":84,"caption":"Centre M\u00e9dical Thier M\u00e8re Dieu Verviers"},"image":{"@id":"https:\/\/thiermeredieu.be\/fr\/#\/schema\/logo\/image\/"}}]}},"_links":{"self":[{"href":"https:\/\/thiermeredieu.be\/fr\/wp-json\/wp\/v2\/pages\/89"}],"collection":[{"href":"https:\/\/thiermeredieu.be\/fr\/wp-json\/wp\/v2\/pages"}],"about":[{"href":"https:\/\/thiermeredieu.be\/fr\/wp-json\/wp\/v2\/types\/page"}],"author":[{"embeddable":true,"href":"https:\/\/thiermeredieu.be\/fr\/wp-json\/wp\/v2\/users\/1"}],"replies":[{"embeddable":true,"href":"https:\/\/thiermeredieu.be\/fr\/wp-json\/wp\/v2\/comments?post=89"}],"version-history":[{"count":23,"href":"https:\/\/thiermeredieu.be\/fr\/wp-json\/wp\/v2\/pages\/89\/revisions"}],"predecessor-version":[{"id":740,"href":"https:\/\/thiermeredieu.be\/fr\/wp-json\/wp\/v2\/pages\/89\/revisions\/740"}],"wp:attachment":[{"href":"https:\/\/thiermeredieu.be\/fr\/wp-json\/wp\/v2\/media?parent=89"}],"curies":[{"name":"wp","href":"https:\/\/api.w.org\/{rel}","templated":true}]}}