{"id":573,"date":"2023-07-10T16:37:13","date_gmt":"2023-07-10T14:37:13","guid":{"rendered":"https:\/\/ctmd.web2.pixinko.net\/?page_id=573"},"modified":"2023-10-10T10:06:00","modified_gmt":"2023-10-10T08:06:00","slug":"conditions-generales","status":"publish","type":"page","link":"https:\/\/thiermeredieu.be\/fr\/conditions-generales\/","title":{"rendered":"Conditions g\u00e9n\u00e9rales"},"content":{"rendered":"<h2><strong>1. Mentions l\u00e9gales<\/strong><\/h2>\n<p>Le site <a href=\"http:\/\/www.thiermeredieu.be\">www.thiermeredieu.be<\/a> que vous utilisez (ci-apr\u00e8s d\u00e9nomm\u00e9s le \u00ab site \u00bb) est \u00e9dit\u00e9 par\u00a0: Le <strong>Centre M\u00e9dical Thier M\u00e8re Dieu<\/strong>, \u00e9tabli <strong>Thier M\u00e8re Dieu 12 \u00e0 4800 Verviers<\/strong>.<br \/>\nCi-apr\u00e8s\u00a0Le Centre M\u00e9dical.<\/p>\n<h2><strong>2. Acceptation des conditions g\u00e9n\u00e9rales d\u2019utilisation<\/strong><\/h2>\n<p>En visitant, de son plein gr\u00e9, le pr\u00e9sent site, il est entendu que l\u2019utilisateur accepte, sans r\u00e9serve, les Conditions G\u00e9n\u00e9rales d\u2019utilisation du site (CGU) qu\u2019il reconna\u00eet avoir lues et comprises.<br \/>\nSi vous n\u2019acceptez pas les CGU, vous ne pouvez pas utiliser le site et vous \u00eates pri\u00e9 de vous d\u00e9connecter imm\u00e9diatement.<\/p>\n<h2><strong>3. Traitement des demandes et\/ou des informations<\/strong><\/h2>\n<p>En communiquant au Centre M\u00e9dical des informations via les formulaires de ce site, par email ou de toute autre mani\u00e8re, vous garantissez que vous utilisez votre propre identit\u00e9.<br \/>\nNous nous r\u00e9servons le droit de subordonner le traitement des demandes ou informations, de le suspendre ou de le refuser dans les cas suivants :<\/p>\n<p>\u203a\u00a0\u00a0Informations incompl\u00e8tes ou incorrectes ;<br \/>\n\u203a\u00a0\u00a0Communication de donn\u00e9es manifestement erron\u00e9es, voire fantaisistes ;<\/p>\n<p>La liste reprise ci-dessus n\u2019a pas de caract\u00e8re exhaustif.<\/p>\n<h2><strong>4. Services<\/strong><\/h2>\n<p>Les services propos\u00e9s sur le site sont d\u00e9crits de bonne foi, le plus pr\u00e9cis\u00e9ment et fid\u00e8lement possible. Les images pr\u00e9sent\u00e9es sur le site n\u2019ont aucune valeur contractuelle.<\/p>\n<h2><strong>5. Droits de propri\u00e9t\u00e9 intellectuelle<\/strong><\/h2>\n<p>Le contenu de ce site est prot\u00e9g\u00e9 par le droit d\u2019auteur. La copie, la traduction, la modification ou la diffusion de tout ou partie de celui-ci, sous quelque forme que ce soit, est interdite, sauf accord \u00e9crit pr\u00e9alable du Centre M\u00e9dical. Toute infraction \u00e0 de tels droits intellectuels peut donner lieu \u00e0 des poursuites civiles et p\u00e9nales.<br \/>\nToute reproduction totale ou partielle de notre site est strictement interdite.<\/p>\n<h2><strong>6. Traitement des donn\u00e9es \u00e0 caract\u00e8re personnel<\/strong><\/h2>\n<p>Nous sommes soucieux du respect de votre vie priv\u00e9e lors de l\u2019utilisation du site et de vos droits en mati\u00e8re de protection et de contr\u00f4le des donn\u00e9es \u00e0 caract\u00e8re personnel. Celles que vous fournissez sur le site sont enregistr\u00e9es et trait\u00e9es dans le strict respect de notre charte de protection de la vie priv\u00e9e consultable.<\/p>\n<p>Notre site internet n\u2019a pas l\u2019intention de collecter des donn\u00e9es \u00e0 caract\u00e8re personnel de visiteurs du site \u00e2g\u00e9s de moins de 16 ans, \u00e0 moins qu\u2019ils en aient re\u00e7u l\u2019autorisation de leurs parents ou tuteur ou que nous y soyons oblig\u00e9s en ex\u00e9cution de nos obligations l\u00e9gales.<\/p>\n<p>Nous ne sommes toutefois pas en mesure de v\u00e9rifier si un visiteur de notre site est \u00e2g\u00e9 de 16 ans accomplis. Nous conseillons d\u00e8s lors les parents d\u2019\u00eatre impliqu\u00e9s dans les activit\u00e9s on-line de leurs enfants, pour ainsi \u00e9viter que des donn\u00e9es \u00e0 caract\u00e8re personnel de leurs enfants ne soient collect\u00e9es sans leur consentement.<\/p>\n<p>Si vous demeurez convaincu que nous avons collect\u00e9 des donn\u00e9es \u00e0 caract\u00e8re personnel d\u2019un mineur sans votre consentement, nous vous invitons \u00e0 prendre contact avec nous via\u00a0<a href=\"mailto:info@thiermeredieu.be\">info@thiermeredieu.be<\/a>.<\/p>\n<h2><strong>7. Disponibilit\u00e9<\/strong><\/h2>\n<p>En tout \u00e9tat de cause, nous ne pourrons \u00eatre tenus responsables des dommages r\u00e9sultant de l\u2019indisponibilit\u00e9 du service correspondant aux sollicitations de l\u2019utilisateur.<\/p>\n<h2><strong>8. Disclaimer \u2013 limitation de responsabilit\u00e9<\/strong><\/h2>\n<p>Le Centre M\u00e9dical ne pourra \u00eatre tenu responsable d\u2019un pr\u00e9judice quel qu\u2019il soit d\u00e9coulant de l\u2019utilisation de son site Internet, en ce compris mais de mani\u00e8re non exhaustive, tous pr\u00e9judices directs et indirects<\/p>\n<p>Le Centre M\u00e9dical n&rsquo;assume notamment aucune responsabilit\u00e9 concernant le contenu des sites vis-\u00e0-vis desquels il \u00e9tablit un lien hypertexte, en particulier au regard de la protection de la vie priv\u00e9e.<\/p>\n<p>Les informations et le mat\u00e9riel qui sont contenus dans ce site web sont uniquement donn\u00e9s \u00e0 titre d&rsquo;information et ne constituent nullement un engagement du Centre M\u00e9dical, ses administrateurs, employ\u00e9s et\/ou repr\u00e9sentants qui ne pourront en aucun cas \u00eatre tenus responsables, pour quelque motif que ce soit, de mani\u00e8re contractuelle ou non, des \u00e9ventuels dommages &#8211; directs ou indirects &#8211; que vous devriez subir pour avoir acc\u00e9d\u00e9 \u00e0 ce site web, pour l&rsquo;avoir visit\u00e9 et\/ou utilis\u00e9, sauf en cas de faute grave ou intentionnelle qui leur serait imputable, ainsi qu&rsquo;en cas d&rsquo;informations trompeuses, inexactes ou contradictoires.<\/p>\n<h2><strong>9. Litiges et droit applicable<\/strong><\/h2>\n<p>Les parties conviennent que tout d\u00e9saccord ou diff\u00e9rend relatif aux pr\u00e9sentes conditions g\u00e9n\u00e9rales d\u2019utilisation ou d\u00e9coulant de son interpr\u00e9tation ou de son application sera soumis \u00e0 une m\u00e9diation pr\u00e9alable. \u00c0 cet effet, les parties aux pr\u00e9sentes s\u2019engagent \u00e0 participer \u00e0 au moins une rencontre de m\u00e9diation en y d\u00e9l\u00e9guant une personne ayant pouvoir de d\u00e9cision. Le m\u00e9diateur sera choisi par les parties. A d\u00e9faut d\u2019accord amiable, tout diff\u00e9rend relevant de l\u2019ex\u00e9cution ou de l\u2019interpr\u00e9tation des pr\u00e9sentes sera soumis au droit belge et sera de la comp\u00e9tence exclusive des tribunaux de l\u2019arrondissement judiciaire de Verviers.<\/p>\n<h2><strong>10. R\u00e9actualisation<\/strong><\/h2>\n<p>Nous nous r\u00e9servons le droit d\u2019apporter des modifications aux pr\u00e9sentes conditions g\u00e9n\u00e9rales d\u2019utilisation du site, afin de prendre en consid\u00e9ration toute \u00e9volution l\u00e9gale, jurisprudentielle ou technique. Seule la derni\u00e8re version pr\u00e9vaudra.<\/p>\n","protected":false},"excerpt":{"rendered":"<p>1. Mentions l\u00e9gales Le site www.thiermeredieu.be que vous utilisez (ci-apr\u00e8s d\u00e9nomm\u00e9s le \u00ab site \u00bb) est \u00e9dit\u00e9 par\u00a0: Le Centre M\u00e9dical Thier M\u00e8re Dieu, \u00e9tabli Thier M\u00e8re Dieu 12 \u00e0 4800 Verviers. Ci-apr\u00e8s\u00a0Le Centre M\u00e9dical. 2. Acceptation des conditions g\u00e9n\u00e9rales d\u2019utilisation En visitant, de son plein gr\u00e9, le pr\u00e9sent site, il est entendu que l\u2019utilisateur [&hellip;]<\/p>\n","protected":false},"author":1,"featured_media":0,"parent":0,"menu_order":0,"comment_status":"closed","ping_status":"closed","template":"conditions_generales.php","meta":{"footnotes":""},"yoast_head":"<!-- This site is optimized with the Yoast SEO plugin v21.3 - https:\/\/yoast.com\/wordpress\/plugins\/seo\/ -->\n<title>Conditions g\u00e9n\u00e9rales - CTMD<\/title>\n<meta name=\"robots\" content=\"index, follow, max-snippet:-1, max-image-preview:large, max-video-preview:-1\" \/>\n<link rel=\"canonical\" href=\"https:\/\/thiermeredieu.be\/fr\/conditions-generales\/\" \/>\n<meta property=\"og:locale\" content=\"fr_FR\" \/>\n<meta property=\"og:type\" content=\"article\" \/>\n<meta property=\"og:title\" content=\"Conditions g\u00e9n\u00e9rales - CTMD\" \/>\n<meta property=\"og:description\" content=\"1. Mentions l\u00e9gales Le site www.thiermeredieu.be que vous utilisez (ci-apr\u00e8s d\u00e9nomm\u00e9s le \u00ab site \u00bb) est \u00e9dit\u00e9 par\u00a0: Le Centre M\u00e9dical Thier M\u00e8re Dieu, \u00e9tabli Thier M\u00e8re Dieu 12 \u00e0 4800 Verviers. Ci-apr\u00e8s\u00a0Le Centre M\u00e9dical. 2. Acceptation des conditions g\u00e9n\u00e9rales d\u2019utilisation En visitant, de son plein gr\u00e9, le pr\u00e9sent site, il est entendu que l\u2019utilisateur [&hellip;]\" \/>\n<meta property=\"og:url\" content=\"https:\/\/thiermeredieu.be\/fr\/conditions-generales\/\" \/>\n<meta property=\"og:site_name\" content=\"CTMD\" \/>\n<meta property=\"article:modified_time\" content=\"2023-10-10T08:06:00+00:00\" \/>\n<meta name=\"twitter:card\" content=\"summary_large_image\" \/>\n<meta name=\"twitter:label1\" content=\"Dur\u00e9e de lecture est.\" \/>\n\t<meta name=\"twitter:data1\" content=\"5 minutes\" \/>\n<script type=\"application\/ld+json\" class=\"yoast-schema-graph\">{\"@context\":\"https:\/\/schema.org\",\"@graph\":[{\"@type\":\"WebPage\",\"@id\":\"https:\/\/thiermeredieu.be\/fr\/conditions-generales\/\",\"url\":\"https:\/\/thiermeredieu.be\/fr\/conditions-generales\/\",\"name\":\"Conditions g\u00e9n\u00e9rales - CTMD\",\"isPartOf\":{\"@id\":\"https:\/\/thiermeredieu.be\/fr\/#website\"},\"datePublished\":\"2023-07-10T14:37:13+00:00\",\"dateModified\":\"2023-10-10T08:06:00+00:00\",\"breadcrumb\":{\"@id\":\"https:\/\/thiermeredieu.be\/fr\/conditions-generales\/#breadcrumb\"},\"inLanguage\":\"fr-BE\",\"potentialAction\":[{\"@type\":\"ReadAction\",\"target\":[\"https:\/\/thiermeredieu.be\/fr\/conditions-generales\/\"]}]},{\"@type\":\"BreadcrumbList\",\"@id\":\"https:\/\/thiermeredieu.be\/fr\/conditions-generales\/#breadcrumb\",\"itemListElement\":[{\"@type\":\"ListItem\",\"position\":1,\"name\":\"Accueil\",\"item\":\"https:\/\/thiermeredieu.be\/\"},{\"@type\":\"ListItem\",\"position\":2,\"name\":\"Conditions g\u00e9n\u00e9rales\"}]},{\"@type\":\"WebSite\",\"@id\":\"https:\/\/thiermeredieu.be\/fr\/#website\",\"url\":\"https:\/\/thiermeredieu.be\/fr\/\",\"name\":\"www.thiermeredieu.be\",\"description\":\"Un site utilisant WordPress\",\"publisher\":{\"@id\":\"https:\/\/thiermeredieu.be\/fr\/#organization\"},\"potentialAction\":[{\"@type\":\"SearchAction\",\"target\":{\"@type\":\"EntryPoint\",\"urlTemplate\":\"https:\/\/thiermeredieu.be\/fr\/?s={search_term_string}\"},\"query-input\":\"required name=search_term_string\"}],\"inLanguage\":\"fr-BE\"},{\"@type\":\"Organization\",\"@id\":\"https:\/\/thiermeredieu.be\/fr\/#organization\",\"name\":\"Centre M\u00e9dical Thier M\u00e8re Dieu Verviers\",\"url\":\"https:\/\/thiermeredieu.be\/fr\/\",\"logo\":{\"@type\":\"ImageObject\",\"inLanguage\":\"fr-BE\",\"@id\":\"https:\/\/thiermeredieu.be\/fr\/#\/schema\/logo\/image\/\",\"url\":\"https:\/\/v2.thiermeredieu.be\/wp-content\/uploads\/2023\/05\/logo-slogan2023-1.png\",\"contentUrl\":\"https:\/\/v2.thiermeredieu.be\/wp-content\/uploads\/2023\/05\/logo-slogan2023-1.png\",\"width\":217,\"height\":84,\"caption\":\"Centre M\u00e9dical Thier M\u00e8re Dieu Verviers\"},\"image\":{\"@id\":\"https:\/\/thiermeredieu.be\/fr\/#\/schema\/logo\/image\/\"}}]}<\/script>\n<!-- \/ Yoast SEO plugin. -->","yoast_head_json":{"title":"Conditions g\u00e9n\u00e9rales - CTMD","robots":{"index":"index","follow":"follow","max-snippet":"max-snippet:-1","max-image-preview":"max-image-preview:large","max-video-preview":"max-video-preview:-1"},"canonical":"https:\/\/thiermeredieu.be\/fr\/conditions-generales\/","og_locale":"fr_FR","og_type":"article","og_title":"Conditions g\u00e9n\u00e9rales - CTMD","og_description":"1. Mentions l\u00e9gales Le site www.thiermeredieu.be que vous utilisez (ci-apr\u00e8s d\u00e9nomm\u00e9s le \u00ab site \u00bb) est \u00e9dit\u00e9 par\u00a0: Le Centre M\u00e9dical Thier M\u00e8re Dieu, \u00e9tabli Thier M\u00e8re Dieu 12 \u00e0 4800 Verviers. Ci-apr\u00e8s\u00a0Le Centre M\u00e9dical. 2. Acceptation des conditions g\u00e9n\u00e9rales d\u2019utilisation En visitant, de son plein gr\u00e9, le pr\u00e9sent site, il est entendu que l\u2019utilisateur [&hellip;]","og_url":"https:\/\/thiermeredieu.be\/fr\/conditions-generales\/","og_site_name":"CTMD","article_modified_time":"2023-10-10T08:06:00+00:00","twitter_card":"summary_large_image","twitter_misc":{"Dur\u00e9e de lecture est.":"5 minutes"},"schema":{"@context":"https:\/\/schema.org","@graph":[{"@type":"WebPage","@id":"https:\/\/thiermeredieu.be\/fr\/conditions-generales\/","url":"https:\/\/thiermeredieu.be\/fr\/conditions-generales\/","name":"Conditions g\u00e9n\u00e9rales - CTMD","isPartOf":{"@id":"https:\/\/thiermeredieu.be\/fr\/#website"},"datePublished":"2023-07-10T14:37:13+00:00","dateModified":"2023-10-10T08:06:00+00:00","breadcrumb":{"@id":"https:\/\/thiermeredieu.be\/fr\/conditions-generales\/#breadcrumb"},"inLanguage":"fr-BE","potentialAction":[{"@type":"ReadAction","target":["https:\/\/thiermeredieu.be\/fr\/conditions-generales\/"]}]},{"@type":"BreadcrumbList","@id":"https:\/\/thiermeredieu.be\/fr\/conditions-generales\/#breadcrumb","itemListElement":[{"@type":"ListItem","position":1,"name":"Accueil","item":"https:\/\/thiermeredieu.be\/"},{"@type":"ListItem","position":2,"name":"Conditions g\u00e9n\u00e9rales"}]},{"@type":"WebSite","@id":"https:\/\/thiermeredieu.be\/fr\/#website","url":"https:\/\/thiermeredieu.be\/fr\/","name":"www.thiermeredieu.be","description":"Un site utilisant WordPress","publisher":{"@id":"https:\/\/thiermeredieu.be\/fr\/#organization"},"potentialAction":[{"@type":"SearchAction","target":{"@type":"EntryPoint","urlTemplate":"https:\/\/thiermeredieu.be\/fr\/?s={search_term_string}"},"query-input":"required name=search_term_string"}],"inLanguage":"fr-BE"},{"@type":"Organization","@id":"https:\/\/thiermeredieu.be\/fr\/#organization","name":"Centre M\u00e9dical Thier M\u00e8re Dieu Verviers","url":"https:\/\/thiermeredieu.be\/fr\/","logo":{"@type":"ImageObject","inLanguage":"fr-BE","@id":"https:\/\/thiermeredieu.be\/fr\/#\/schema\/logo\/image\/","url":"https:\/\/v2.thiermeredieu.be\/wp-content\/uploads\/2023\/05\/logo-slogan2023-1.png","contentUrl":"https:\/\/v2.thiermeredieu.be\/wp-content\/uploads\/2023\/05\/logo-slogan2023-1.png","width":217,"height":84,"caption":"Centre M\u00e9dical Thier M\u00e8re Dieu Verviers"},"image":{"@id":"https:\/\/thiermeredieu.be\/fr\/#\/schema\/logo\/image\/"}}]}},"_links":{"self":[{"href":"https:\/\/thiermeredieu.be\/fr\/wp-json\/wp\/v2\/pages\/573"}],"collection":[{"href":"https:\/\/thiermeredieu.be\/fr\/wp-json\/wp\/v2\/pages"}],"about":[{"href":"https:\/\/thiermeredieu.be\/fr\/wp-json\/wp\/v2\/types\/page"}],"author":[{"embeddable":true,"href":"https:\/\/thiermeredieu.be\/fr\/wp-json\/wp\/v2\/users\/1"}],"replies":[{"embeddable":true,"href":"https:\/\/thiermeredieu.be\/fr\/wp-json\/wp\/v2\/comments?post=573"}],"version-history":[{"count":5,"href":"https:\/\/thiermeredieu.be\/fr\/wp-json\/wp\/v2\/pages\/573\/revisions"}],"predecessor-version":[{"id":753,"href":"https:\/\/thiermeredieu.be\/fr\/wp-json\/wp\/v2\/pages\/573\/revisions\/753"}],"wp:attachment":[{"href":"https:\/\/thiermeredieu.be\/fr\/wp-json\/wp\/v2\/media?parent=573"}],"curies":[{"name":"wp","href":"https:\/\/api.w.org\/{rel}","templated":true}]}}