{"id":201,"date":"2021-01-11T15:21:47","date_gmt":"2021-01-11T14:21:47","guid":{"rendered":"http:\/\/localhost:8888\/ctmd\/?page_id=201"},"modified":"2024-11-26T17:39:07","modified_gmt":"2024-11-26T16:39:07","slug":"devenir-patient","status":"publish","type":"page","link":"https:\/\/thiermeredieu.be\/fr\/devenir-patient\/","title":{"rendered":"Devenir patient"},"content":{"rendered":"<p>Cette demande de pr\u00e9inscription n\u2019\u00e9quivaut pas acceptation ou inscription automatique au Centre M\u00e9dical Thier M\u00e8re Dieu comme patient. Vous souhaitez savoir si votre demande est recevable ou peut \u00eatre recevable ? Merci de contacter le centre m\u00e9dical pour le savoir. S\u2019il vous ait confirm\u00e9 que votre demande est recevable alors vous devrez vous pr\u00e9senter \u00e0 l\u2019accueil de votre centre afin de signer votre accord et ainsi rendre votre inscription effective.<\/p>\n<p>En envoyant ce formulaire, vous acceptez que vos donn\u00e9es soient d\u00e9j\u00e0 int\u00e9gr\u00e9es dans nos logiciels.<br \/>\nCela permettra de pr\u00e9parer une finalisation \u00e9ventuelle d\u2019une future inscription au forfait sur un de nos sites.<\/p>\n<p>&nbsp;<\/p>\n","protected":false},"excerpt":{"rendered":"<p>Cette demande de pr\u00e9inscription n\u2019\u00e9quivaut pas acceptation ou inscription automatique au Centre M\u00e9dical Thier M\u00e8re Dieu comme patient. Vous souhaitez savoir si votre demande est recevable ou peut \u00eatre recevable ? Merci de contacter le centre m\u00e9dical pour le savoir. S\u2019il vous ait confirm\u00e9 que votre demande est recevable alors vous devrez vous pr\u00e9senter \u00e0 [&hellip;]<\/p>\n","protected":false},"author":1,"featured_media":0,"parent":0,"menu_order":0,"comment_status":"closed","ping_status":"closed","template":"rejoindre-patients.php","meta":{"footnotes":""},"yoast_head":"<!-- This site is optimized with the Yoast SEO plugin v21.3 - https:\/\/yoast.com\/wordpress\/plugins\/seo\/ -->\n<title>Devenir patient - CTMD<\/title>\n<meta name=\"description\" content=\"Vous souhaitez devenir patient dans l&#039;un de nos trois Centre M\u00e9dicaux ? Voici quelques formalit\u00e9s \u00e0 respecter.\" \/>\n<meta name=\"robots\" content=\"index, follow, max-snippet:-1, max-image-preview:large, max-video-preview:-1\" \/>\n<link rel=\"canonical\" href=\"https:\/\/thiermeredieu.be\/fr\/devenir-patient\/\" \/>\n<meta property=\"og:locale\" content=\"fr_FR\" \/>\n<meta property=\"og:type\" content=\"article\" \/>\n<meta property=\"og:title\" content=\"Devenir patient - CTMD\" \/>\n<meta property=\"og:description\" content=\"Vous souhaitez devenir patient dans l&#039;un de nos trois Centre M\u00e9dicaux ? Voici quelques formalit\u00e9s \u00e0 respecter.\" \/>\n<meta property=\"og:url\" content=\"https:\/\/thiermeredieu.be\/fr\/devenir-patient\/\" \/>\n<meta property=\"og:site_name\" content=\"CTMD\" \/>\n<meta property=\"article:modified_time\" content=\"2024-11-26T16:39:07+00:00\" \/>\n<meta name=\"twitter:card\" content=\"summary_large_image\" \/>\n<meta name=\"twitter:label1\" content=\"Dur\u00e9e de lecture est.\" \/>\n\t<meta name=\"twitter:data1\" content=\"1 minute\" \/>\n<script type=\"application\/ld+json\" class=\"yoast-schema-graph\">{\"@context\":\"https:\/\/schema.org\",\"@graph\":[{\"@type\":\"WebPage\",\"@id\":\"https:\/\/thiermeredieu.be\/devenir-patient\/\",\"url\":\"https:\/\/thiermeredieu.be\/devenir-patient\/\",\"name\":\"Devenir patient - CTMD\",\"isPartOf\":{\"@id\":\"https:\/\/thiermeredieu.be\/fr\/#website\"},\"datePublished\":\"2021-01-11T14:21:47+00:00\",\"dateModified\":\"2024-11-26T16:39:07+00:00\",\"description\":\"Vous souhaitez devenir patient dans l'un de nos trois Centre M\u00e9dicaux ? Voici quelques formalit\u00e9s \u00e0 respecter.\",\"breadcrumb\":{\"@id\":\"https:\/\/thiermeredieu.be\/devenir-patient\/#breadcrumb\"},\"inLanguage\":\"fr-BE\",\"potentialAction\":[{\"@type\":\"ReadAction\",\"target\":[\"https:\/\/thiermeredieu.be\/devenir-patient\/\"]}]},{\"@type\":\"BreadcrumbList\",\"@id\":\"https:\/\/thiermeredieu.be\/devenir-patient\/#breadcrumb\",\"itemListElement\":[{\"@type\":\"ListItem\",\"position\":1,\"name\":\"Accueil\",\"item\":\"https:\/\/thiermeredieu.be\/\"},{\"@type\":\"ListItem\",\"position\":2,\"name\":\"Devenir patient\"}]},{\"@type\":\"WebSite\",\"@id\":\"https:\/\/thiermeredieu.be\/fr\/#website\",\"url\":\"https:\/\/thiermeredieu.be\/fr\/\",\"name\":\"www.thiermeredieu.be\",\"description\":\"Un site utilisant WordPress\",\"publisher\":{\"@id\":\"https:\/\/thiermeredieu.be\/fr\/#organization\"},\"potentialAction\":[{\"@type\":\"SearchAction\",\"target\":{\"@type\":\"EntryPoint\",\"urlTemplate\":\"https:\/\/thiermeredieu.be\/fr\/?s={search_term_string}\"},\"query-input\":\"required name=search_term_string\"}],\"inLanguage\":\"fr-BE\"},{\"@type\":\"Organization\",\"@id\":\"https:\/\/thiermeredieu.be\/fr\/#organization\",\"name\":\"Centre M\u00e9dical Thier M\u00e8re Dieu Verviers\",\"url\":\"https:\/\/thiermeredieu.be\/fr\/\",\"logo\":{\"@type\":\"ImageObject\",\"inLanguage\":\"fr-BE\",\"@id\":\"https:\/\/thiermeredieu.be\/fr\/#\/schema\/logo\/image\/\",\"url\":\"https:\/\/v2.thiermeredieu.be\/wp-content\/uploads\/2023\/05\/logo-slogan2023-1.png\",\"contentUrl\":\"https:\/\/v2.thiermeredieu.be\/wp-content\/uploads\/2023\/05\/logo-slogan2023-1.png\",\"width\":217,\"height\":84,\"caption\":\"Centre M\u00e9dical Thier M\u00e8re Dieu Verviers\"},\"image\":{\"@id\":\"https:\/\/thiermeredieu.be\/fr\/#\/schema\/logo\/image\/\"}}]}<\/script>\n<!-- \/ Yoast SEO plugin. -->","yoast_head_json":{"title":"Devenir patient - CTMD","description":"Vous souhaitez devenir patient dans l'un de nos trois Centre M\u00e9dicaux ? Voici quelques formalit\u00e9s \u00e0 respecter.","robots":{"index":"index","follow":"follow","max-snippet":"max-snippet:-1","max-image-preview":"max-image-preview:large","max-video-preview":"max-video-preview:-1"},"canonical":"https:\/\/thiermeredieu.be\/fr\/devenir-patient\/","og_locale":"fr_FR","og_type":"article","og_title":"Devenir patient - CTMD","og_description":"Vous souhaitez devenir patient dans l'un de nos trois Centre M\u00e9dicaux ? Voici quelques formalit\u00e9s \u00e0 respecter.","og_url":"https:\/\/thiermeredieu.be\/fr\/devenir-patient\/","og_site_name":"CTMD","article_modified_time":"2024-11-26T16:39:07+00:00","twitter_card":"summary_large_image","twitter_misc":{"Dur\u00e9e de lecture est.":"1 minute"},"schema":{"@context":"https:\/\/schema.org","@graph":[{"@type":"WebPage","@id":"https:\/\/thiermeredieu.be\/devenir-patient\/","url":"https:\/\/thiermeredieu.be\/devenir-patient\/","name":"Devenir patient - CTMD","isPartOf":{"@id":"https:\/\/thiermeredieu.be\/fr\/#website"},"datePublished":"2021-01-11T14:21:47+00:00","dateModified":"2024-11-26T16:39:07+00:00","description":"Vous souhaitez devenir patient dans l'un de nos trois Centre M\u00e9dicaux ? Voici quelques formalit\u00e9s \u00e0 respecter.","breadcrumb":{"@id":"https:\/\/thiermeredieu.be\/devenir-patient\/#breadcrumb"},"inLanguage":"fr-BE","potentialAction":[{"@type":"ReadAction","target":["https:\/\/thiermeredieu.be\/devenir-patient\/"]}]},{"@type":"BreadcrumbList","@id":"https:\/\/thiermeredieu.be\/devenir-patient\/#breadcrumb","itemListElement":[{"@type":"ListItem","position":1,"name":"Accueil","item":"https:\/\/thiermeredieu.be\/"},{"@type":"ListItem","position":2,"name":"Devenir patient"}]},{"@type":"WebSite","@id":"https:\/\/thiermeredieu.be\/fr\/#website","url":"https:\/\/thiermeredieu.be\/fr\/","name":"www.thiermeredieu.be","description":"Un site utilisant WordPress","publisher":{"@id":"https:\/\/thiermeredieu.be\/fr\/#organization"},"potentialAction":[{"@type":"SearchAction","target":{"@type":"EntryPoint","urlTemplate":"https:\/\/thiermeredieu.be\/fr\/?s={search_term_string}"},"query-input":"required name=search_term_string"}],"inLanguage":"fr-BE"},{"@type":"Organization","@id":"https:\/\/thiermeredieu.be\/fr\/#organization","name":"Centre M\u00e9dical Thier M\u00e8re Dieu Verviers","url":"https:\/\/thiermeredieu.be\/fr\/","logo":{"@type":"ImageObject","inLanguage":"fr-BE","@id":"https:\/\/thiermeredieu.be\/fr\/#\/schema\/logo\/image\/","url":"https:\/\/v2.thiermeredieu.be\/wp-content\/uploads\/2023\/05\/logo-slogan2023-1.png","contentUrl":"https:\/\/v2.thiermeredieu.be\/wp-content\/uploads\/2023\/05\/logo-slogan2023-1.png","width":217,"height":84,"caption":"Centre M\u00e9dical Thier M\u00e8re Dieu Verviers"},"image":{"@id":"https:\/\/thiermeredieu.be\/fr\/#\/schema\/logo\/image\/"}}]}},"_links":{"self":[{"href":"https:\/\/thiermeredieu.be\/fr\/wp-json\/wp\/v2\/pages\/201"}],"collection":[{"href":"https:\/\/thiermeredieu.be\/fr\/wp-json\/wp\/v2\/pages"}],"about":[{"href":"https:\/\/thiermeredieu.be\/fr\/wp-json\/wp\/v2\/types\/page"}],"author":[{"embeddable":true,"href":"https:\/\/thiermeredieu.be\/fr\/wp-json\/wp\/v2\/users\/1"}],"replies":[{"embeddable":true,"href":"https:\/\/thiermeredieu.be\/fr\/wp-json\/wp\/v2\/comments?post=201"}],"version-history":[{"count":16,"href":"https:\/\/thiermeredieu.be\/fr\/wp-json\/wp\/v2\/pages\/201\/revisions"}],"predecessor-version":[{"id":642,"href":"https:\/\/thiermeredieu.be\/fr\/wp-json\/wp\/v2\/pages\/201\/revisions\/642"}],"wp:attachment":[{"href":"https:\/\/thiermeredieu.be\/fr\/wp-json\/wp\/v2\/media?parent=201"}],"curies":[{"name":"wp","href":"https:\/\/api.w.org\/{rel}","templated":true}]}}