{"id":27,"date":"2020-12-16T13:44:25","date_gmt":"2020-12-16T12:44:25","guid":{"rendered":"http:\/\/localhost:8888\/ctmd\/?page_id=27"},"modified":"2023-10-16T16:10:59","modified_gmt":"2023-10-16T14:10:59","slug":"rejoindre-medecins","status":"publish","type":"page","link":"https:\/\/thiermeredieu.be\/en\/rejoindre-medecins\/","title":{"rendered":"Rejoindre notre \u00e9quipe de professionnels"},"content":{"rendered":"<p style=\"text-align: left;\">Vous souhaitez rejoindre nos professionnels ? Notre \u00e9quipe est en qu\u00eate permanente de nouveaux talents, de nouvelles sp\u00e9cialit\u00e9s, de nouvelles initiatives.<\/p>\n<h2 style=\"text-align: left;\"><strong><u>Dans le cadre du forfait : <\/u><\/strong><\/h2>\n<p style=\"text-align: left;\">Vous souhaitez d\u00e9velopper une approche globale de la prise en charge. Vous \u00eates soucieux d&rsquo;\u0153uvrer au sein d\u2019une \u00e9quipe pluridisciplinaire de premi\u00e8re ligne et vous avez des disponibilit\u00e9s ? Nous accompagnons les patients gr\u00e2ce \u00e0 3 implantations interconnect\u00e9es et \u00e0 proximit\u00e9. (Verviers, Pepinster, Heusy)<\/p>\n<p style=\"text-align: left;\">Que ce soit en tant que m\u00e9decin g\u00e9n\u00e9raliste, kin\u00e9, infirmier, aide-soignante, notre \u00e9quipe dynamique pourrait vous accueillir pour un temps partiel, ou plus.<\/p>\n<p style=\"text-align: left;\">Il est n\u00e9cessaire d\u2019avoir le statut d\u2019ind\u00e9pendant.<\/p>\n<h2 style=\"text-align: left;\"><strong><u>En tant qu\u2019ind\u00e9pendant partenaire<\/u><\/strong><\/h2>\n<p style=\"text-align: left;\">Vous avez une profession en lien avec la sant\u00e9 et vous souhaitez diversifier vos activit\u00e9s ? Nos cabinets ne sont pas (encore) occup\u00e9s \u00e0 100%. Nos heures d\u2019ouverture jusqu\u2019\u00e0 19h permettent d\u2019accueillir des professionnels y compris en horaires d\u00e9cal\u00e9s.<\/p>\n<p style=\"text-align: left;\">Que ce soit en tant que param\u00e9dical : logop\u00e8de, psychologue, r\u00e9flexologue, p\u00e9dicure m\u00e9dicale, di\u00e9t\u00e9ticien, ou relevant des m\u00e9decines \u201cdouces\u201d comme sophrologue, hypnoth\u00e9rapeute, aromath\u00e9rapeuthe, \u2026<\/p>\n<p style=\"text-align: left;\">Vous \u00eates m\u00e9decin sp\u00e9cialiste dans la r\u00e9gion de Li\u00e8ge ? Ou vous \u00eates p\u00e9diatre, pneumologue, cardiologue, gyn\u00e9cologue, orthop\u00e9diste, gastro-ent\u00e9rologue, &#8230; Vous recherchez un pied-\u00e0-terre hors de l\u2019h\u00f4pital mais \u00e0 proximit\u00e9 imm\u00e9diate de celui-ci ? Contactez-nous.<\/p>\n<p style=\"text-align: left;\">Nous vous proposons de louer un cabinet tout en b\u00e9n\u00e9ficiant de nos infrastructures organisationnelles (secr\u00e9tariat, gestion des rdv, site internet). Votre pr\u00e9sence concentrera le nombre de services disponibles en lien avec la sant\u00e9. Ce qui facilite son accessibilit\u00e9 \u00e0 notre large patient\u00e8le,<\/p>\n<p style=\"text-align: left;\">De plus, nos \u00e9quipes sont habitu\u00e9es \u00e0 travailler en interdisciplinarit\u00e9. Les \u00e9changes sont tr\u00e8s enrichissants.<\/p>\n<p style=\"text-align: left;\">Le Centre M\u00e9dical Thier M\u00e8re Dieu offre \u00e0 ses partenaires la possibilit\u00e9 de s\u2019\u00e9panouir dans un environnement convivial de taille humaine. Nous mettons \u00e0 disposition de nos coll\u00e8gues un support administratif permettant un confort dans la gestion professionnelle, ainsi qu\u2019une <a href=\"https:\/\/v2.thiermeredieu.be\/fr\/equipe\/\">\u00e9quipe multidisciplinaire<\/a> aux talents compl\u00e9mentaires.<\/p>\n<p style=\"text-align: left;\">Le Centre M\u00e9dical dispose en outre de sa propre plateforme informatique, <a href=\"https:\/\/www.beoogo.com\/\">BEOOGO<\/a>, accessible aux patients comme aux prestataires de soins.<\/p>\n<p style=\"text-align: left;\">Elle garantit une gestion administrative simplifi\u00e9e (documents disponibles, ordonnances, gestion RDV\u2026) \u00e0 l\u2019ensemble de ses utilisateurs. Une r\u00e9f\u00e9rence d\u00e9sormais dans le secteur !<\/p>\n<p style=\"text-align: left;\">Vous d\u00e9sirez nous faire parvenir votre candidature spontan\u00e9e ou r\u00e9pondre \u00e0 une offre d\u2019emploi ou devenir partenaire ? Contactez-nous via la page contact.<\/p>","protected":false},"excerpt":{"rendered":"<p>Vous souhaitez rejoindre nos professionnels ? Notre \u00e9quipe est en qu\u00eate permanente de nouveaux talents, de nouvelles sp\u00e9cialit\u00e9s, de nouvelles initiatives. Dans le cadre du forfait : Vous souhaitez d\u00e9velopper une approche globale de la prise en charge. Vous \u00eates soucieux d&rsquo;\u0153uvrer au sein d\u2019une \u00e9quipe pluridisciplinaire de premi\u00e8re ligne et vous avez des disponibilit\u00e9s [&hellip;]<\/p>","protected":false},"author":1,"featured_media":0,"parent":0,"menu_order":0,"comment_status":"closed","ping_status":"closed","template":"rejoindre-equipe-medecin.php","meta":{"footnotes":""},"yoast_head":"<!-- This site is optimized with the Yoast SEO plugin v21.3 - https:\/\/yoast.com\/wordpress\/plugins\/seo\/ -->\n<title>Rejoindre notre \u00e9quipe de professionnels - CTMD<\/title>\n<meta name=\"description\" content=\"Rejoignez l&#039;\u00e9quipe du Centre M\u00e9dical Thier M\u00e8re Dieu : nous cherchons des talents dans diverses sp\u00e9cialit\u00e9s m\u00e9dicales.\" \/>\n<meta name=\"robots\" content=\"index, follow, max-snippet:-1, max-image-preview:large, max-video-preview:-1\" \/>\n<link rel=\"canonical\" href=\"https:\/\/thiermeredieu.be\/en\/rejoindre-medecins\/\" \/>\n<meta property=\"og:locale\" content=\"en_US\" \/>\n<meta property=\"og:type\" content=\"article\" \/>\n<meta property=\"og:title\" content=\"Rejoindre notre \u00e9quipe de professionnels - CTMD\" \/>\n<meta property=\"og:description\" content=\"Rejoignez l&#039;\u00e9quipe du Centre M\u00e9dical Thier M\u00e8re Dieu : nous cherchons des talents dans diverses sp\u00e9cialit\u00e9s m\u00e9dicales.\" \/>\n<meta property=\"og:url\" content=\"https:\/\/thiermeredieu.be\/en\/rejoindre-medecins\/\" \/>\n<meta property=\"og:site_name\" content=\"CTMD\" \/>\n<meta property=\"article:modified_time\" content=\"2023-10-16T14:10:59+00:00\" \/>\n<meta name=\"twitter:card\" content=\"summary_large_image\" \/>\n<meta name=\"twitter:label1\" content=\"Est. reading time\" \/>\n\t<meta name=\"twitter:data1\" content=\"2 minutes\" \/>\n<script type=\"application\/ld+json\" class=\"yoast-schema-graph\">{\"@context\":\"https:\/\/schema.org\",\"@graph\":[{\"@type\":\"WebPage\",\"@id\":\"https:\/\/thiermeredieu.be\/rejoindre-medecins\/\",\"url\":\"https:\/\/thiermeredieu.be\/rejoindre-medecins\/\",\"name\":\"Rejoindre notre \u00e9quipe de professionnels - CTMD\",\"isPartOf\":{\"@id\":\"https:\/\/thiermeredieu.be\/fr\/#website\"},\"datePublished\":\"2020-12-16T12:44:25+00:00\",\"dateModified\":\"2023-10-16T14:10:59+00:00\",\"description\":\"Rejoignez l'\u00e9quipe du Centre M\u00e9dical Thier M\u00e8re Dieu : nous cherchons des talents dans diverses sp\u00e9cialit\u00e9s m\u00e9dicales.\",\"breadcrumb\":{\"@id\":\"https:\/\/thiermeredieu.be\/rejoindre-medecins\/#breadcrumb\"},\"inLanguage\":\"en-US\",\"potentialAction\":[{\"@type\":\"ReadAction\",\"target\":[\"https:\/\/thiermeredieu.be\/rejoindre-medecins\/\"]}]},{\"@type\":\"BreadcrumbList\",\"@id\":\"https:\/\/thiermeredieu.be\/rejoindre-medecins\/#breadcrumb\",\"itemListElement\":[{\"@type\":\"ListItem\",\"position\":1,\"name\":\"Accueil\",\"item\":\"https:\/\/thiermeredieu.be\/\"},{\"@type\":\"ListItem\",\"position\":2,\"name\":\"Rejoindre notre \u00e9quipe de professionnels\"}]},{\"@type\":\"WebSite\",\"@id\":\"https:\/\/thiermeredieu.be\/fr\/#website\",\"url\":\"https:\/\/thiermeredieu.be\/fr\/\",\"name\":\"www.thiermeredieu.be\",\"description\":\"Un site utilisant WordPress\",\"publisher\":{\"@id\":\"https:\/\/thiermeredieu.be\/fr\/#organization\"},\"potentialAction\":[{\"@type\":\"SearchAction\",\"target\":{\"@type\":\"EntryPoint\",\"urlTemplate\":\"https:\/\/thiermeredieu.be\/fr\/?s={search_term_string}\"},\"query-input\":\"required name=search_term_string\"}],\"inLanguage\":\"en-US\"},{\"@type\":\"Organization\",\"@id\":\"https:\/\/thiermeredieu.be\/fr\/#organization\",\"name\":\"Centre M\u00e9dical Thier M\u00e8re Dieu Verviers\",\"url\":\"https:\/\/thiermeredieu.be\/fr\/\",\"logo\":{\"@type\":\"ImageObject\",\"inLanguage\":\"en-US\",\"@id\":\"https:\/\/thiermeredieu.be\/fr\/#\/schema\/logo\/image\/\",\"url\":\"https:\/\/v2.thiermeredieu.be\/wp-content\/uploads\/2023\/05\/logo-slogan2023-1.png\",\"contentUrl\":\"https:\/\/v2.thiermeredieu.be\/wp-content\/uploads\/2023\/05\/logo-slogan2023-1.png\",\"width\":217,\"height\":84,\"caption\":\"Centre M\u00e9dical Thier M\u00e8re Dieu Verviers\"},\"image\":{\"@id\":\"https:\/\/thiermeredieu.be\/fr\/#\/schema\/logo\/image\/\"}}]}<\/script>\n<!-- \/ Yoast SEO plugin. -->","yoast_head_json":{"title":"Rejoindre notre \u00e9quipe de professionnels - CTMD","description":"Rejoignez l'\u00e9quipe du Centre M\u00e9dical Thier M\u00e8re Dieu : nous cherchons des talents dans diverses sp\u00e9cialit\u00e9s m\u00e9dicales.","robots":{"index":"index","follow":"follow","max-snippet":"max-snippet:-1","max-image-preview":"max-image-preview:large","max-video-preview":"max-video-preview:-1"},"canonical":"https:\/\/thiermeredieu.be\/en\/rejoindre-medecins\/","og_locale":"en_US","og_type":"article","og_title":"Rejoindre notre \u00e9quipe de professionnels - CTMD","og_description":"Rejoignez l'\u00e9quipe du Centre M\u00e9dical Thier M\u00e8re Dieu : nous cherchons des talents dans diverses sp\u00e9cialit\u00e9s m\u00e9dicales.","og_url":"https:\/\/thiermeredieu.be\/en\/rejoindre-medecins\/","og_site_name":"CTMD","article_modified_time":"2023-10-16T14:10:59+00:00","twitter_card":"summary_large_image","twitter_misc":{"Est. reading time":"2 minutes"},"schema":{"@context":"https:\/\/schema.org","@graph":[{"@type":"WebPage","@id":"https:\/\/thiermeredieu.be\/rejoindre-medecins\/","url":"https:\/\/thiermeredieu.be\/rejoindre-medecins\/","name":"Rejoindre notre \u00e9quipe de professionnels - CTMD","isPartOf":{"@id":"https:\/\/thiermeredieu.be\/fr\/#website"},"datePublished":"2020-12-16T12:44:25+00:00","dateModified":"2023-10-16T14:10:59+00:00","description":"Rejoignez l'\u00e9quipe du Centre M\u00e9dical Thier M\u00e8re Dieu : nous cherchons des talents dans diverses sp\u00e9cialit\u00e9s m\u00e9dicales.","breadcrumb":{"@id":"https:\/\/thiermeredieu.be\/rejoindre-medecins\/#breadcrumb"},"inLanguage":"en-US","potentialAction":[{"@type":"ReadAction","target":["https:\/\/thiermeredieu.be\/rejoindre-medecins\/"]}]},{"@type":"BreadcrumbList","@id":"https:\/\/thiermeredieu.be\/rejoindre-medecins\/#breadcrumb","itemListElement":[{"@type":"ListItem","position":1,"name":"Accueil","item":"https:\/\/thiermeredieu.be\/"},{"@type":"ListItem","position":2,"name":"Rejoindre notre \u00e9quipe de professionnels"}]},{"@type":"WebSite","@id":"https:\/\/thiermeredieu.be\/fr\/#website","url":"https:\/\/thiermeredieu.be\/fr\/","name":"www.thiermeredieu.be","description":"Un site utilisant WordPress","publisher":{"@id":"https:\/\/thiermeredieu.be\/fr\/#organization"},"potentialAction":[{"@type":"SearchAction","target":{"@type":"EntryPoint","urlTemplate":"https:\/\/thiermeredieu.be\/fr\/?s={search_term_string}"},"query-input":"required name=search_term_string"}],"inLanguage":"en-US"},{"@type":"Organization","@id":"https:\/\/thiermeredieu.be\/fr\/#organization","name":"Centre M\u00e9dical Thier M\u00e8re Dieu Verviers","url":"https:\/\/thiermeredieu.be\/fr\/","logo":{"@type":"ImageObject","inLanguage":"en-US","@id":"https:\/\/thiermeredieu.be\/fr\/#\/schema\/logo\/image\/","url":"https:\/\/v2.thiermeredieu.be\/wp-content\/uploads\/2023\/05\/logo-slogan2023-1.png","contentUrl":"https:\/\/v2.thiermeredieu.be\/wp-content\/uploads\/2023\/05\/logo-slogan2023-1.png","width":217,"height":84,"caption":"Centre M\u00e9dical Thier M\u00e8re Dieu Verviers"},"image":{"@id":"https:\/\/thiermeredieu.be\/fr\/#\/schema\/logo\/image\/"}}]}},"_links":{"self":[{"href":"https:\/\/thiermeredieu.be\/en\/wp-json\/wp\/v2\/pages\/27"}],"collection":[{"href":"https:\/\/thiermeredieu.be\/en\/wp-json\/wp\/v2\/pages"}],"about":[{"href":"https:\/\/thiermeredieu.be\/en\/wp-json\/wp\/v2\/types\/page"}],"author":[{"embeddable":true,"href":"https:\/\/thiermeredieu.be\/en\/wp-json\/wp\/v2\/users\/1"}],"replies":[{"embeddable":true,"href":"https:\/\/thiermeredieu.be\/en\/wp-json\/wp\/v2\/comments?post=27"}],"version-history":[{"count":15,"href":"https:\/\/thiermeredieu.be\/en\/wp-json\/wp\/v2\/pages\/27\/revisions"}],"predecessor-version":[{"id":768,"href":"https:\/\/thiermeredieu.be\/en\/wp-json\/wp\/v2\/pages\/27\/revisions\/768"}],"wp:attachment":[{"href":"https:\/\/thiermeredieu.be\/en\/wp-json\/wp\/v2\/media?parent=27"}],"curies":[{"name":"wp","href":"https:\/\/api.w.org\/{rel}","templated":true}]}}